{"id":6235,"date":"2017-04-27T10:58:54","date_gmt":"2017-04-27T10:58:54","guid":{"rendered":"https:\/\/www.interdomicilio.com\/?page_id=6235"},"modified":"2025-07-17T14:49:46","modified_gmt":"2025-07-17T12:49:46","slug":"aviso-legal","status":"publish","type":"page","link":"https:\/\/www.interdomicilio.com\/aviso-legal\/","title":{"rendered":"Aviso legal"},"content":{"rendered":"<section class=\"l-section wpb_row height_medium\"><div class=\"l-section-h i-cf\"><div class=\"g-cols vc_row via_grid cols_1 laptops-cols_inherit tablets-cols_inherit mobiles-cols_1 valign_top type_default stacking_default\"><div class=\"wpb_column vc_column_container\"><div class=\"vc_column-inner\"><div class=\"wpb_text_column\"><div class=\"wpb_wrapper\"><h1><strong>Aviso legal<\/strong><\/h1>\n<h3>Entidad que publica la web:<\/h3>\n<p>INTERDOMICILIO SERVICIOS INTEGRALES, S.L. C.I.F.: B99293383<\/p>\n<p>MARQU\u00c9S DE LA CADENA, 63 LOCAL, 50014, ZARAGOZA | <a href=\"mailto:central@interdomicilio.com\">central@interdomicilio.com<\/a> | 900 102 169<\/p>\n<p>PROPIEDAD INTELECTUAL Y CONTENIDO<\/p>\n<p>INTERDOMICILIO SERVICIOS INTEGRALES, S.L es la propiedad de los nombres de dominio que identifican al sitio web y es titular del alojamiento de las p\u00e1ginas en el servidor oportuno, as\u00ed como de las cuentas de correo electr\u00f3nico que pertenezcan al dominio citado. As\u00ed mismo, es propietaria de los contenidos publicados, textos y fotograf\u00edas mientras no se indique diferente\u00a0 propiedad.<\/p>\n<p>No est\u00e1 permitida la reproducci\u00f3n y\/o publicaci\u00f3n, total o parcial, del portal o sus contenidos, ni su tratamiento inform\u00e1tico, su distribuci\u00f3n, su difusi\u00f3n, ni su modificaci\u00f3n, transformaci\u00f3n, ni dem\u00e1s derechos reconocidos legalmente a sus titulares, sin el permiso previo, expreso y por escrito de los autores identificados o de INTERDOMICILIO SERVICIOS INTEGRALES, S.L.<\/p>\n<h3>Interdomicilio Servicios Integrales S.L. es \u00fanico titular y propietario de la siguiente marca:<\/h3>\n<p>Marca nacional n\u00famero 2.933.244 (3) \u00abINTERDOMICILIO\u00bb (denominativo con gr\u00e1fico), destinada a distinguir los servicios de las clases 35 y 45 de la Clasificaci\u00f3n de Niza.<\/p>\n<p>Interdomicilio Servicios Integrales S.L. est\u00e1 inscrito en el Registro de Franquiciadores con el n\u00famero NIFRA 2010\/2098\/02\/50\/7\/F certificado por el Ministerio de Industria, Comercio y Turismo.<\/p>\n<hr \/>\n<p><strong>Interdomicilio Servicios Integrales S.L.\u00a0<\/strong>ofrece a los usuarios el acceso al sitio web y servicios de Interdomicilio y la gesti\u00f3n del blog de\u00a0Interdomicilio, en el que se incluyen contenidos habitualmente enfocados a noticias sobre asuntos dom\u00e9sticos y relacionados con los servicios de Interdomicilio.<\/p>\n<p>Aportamos esta informaci\u00f3n porque es un importante<strong>\u00a0indicio de confianza<\/strong>\u00a0conocer qui\u00e9n es el responsable de este sitio y c\u00f3mo puede el usuario dirigirse a nosotros y, adem\u00e1s, porque \u00e9stas condiciones constituyen un contrato entre Interdomicilio Servicios Integrales S.L. y el usuario respecto del uso de esta web en cumplimiento de lo establecido en la Ley (34\/2002 LSSI-CE).<\/p>\n<p>La navegaci\u00f3n en este sitio web le atribuye, desde el comienzo, la condici\u00f3n de usuario y ser\u00e1 considerada aceptaci\u00f3n expresa, voluntaria y sin reservas. Si decide no aceptar las presentes condiciones deber\u00e1 abstenerse de acceder y\/o utilizar los contenidos y servicios ofrecidos por Interdomicilio Servicios Integrales S.L. en esta web.<\/p>\n<p>Interdomicilio Servicios Integrales S.L. autoriza al usuario para visualizar el contenido de este sitio web, as\u00ed como para efectuar reproducciones privadas (simple actividad de descarga y almacenamiento en sus sistemas inform\u00e1ticos), siempre y cuando los elementos sean destinados \u00fanicamente al uso personal.<\/p>\n<p>Interdomicilio Servicios Integrales S.L. se reserva los derechos de borrar cualquier comentario o aportaci\u00f3n que atente contra las normas de uso de esta web. Tampoco se permiten comentarios an\u00f3nimos, promocionales, insultantes o que vayan contra el buen tono de la web. En ning\u00fan caso Interdomicilio Servicios Integrales S.L. ser\u00e1 responsable de las opiniones que los usuarios puedan dar.<\/p>\n<\/div><\/div><\/div><\/div><\/div><\/div><\/section>\n","protected":false},"excerpt":{"rendered":"Aviso legal Entidad que publica la web: INTERDOMICILIO SERVICIOS INTEGRALES, S.L. C.I.F.: B99293383 MARQU\u00c9S DE LA CADENA, 63 LOCAL, 50014, ZARAGOZA | central@interdomicilio.com | 900 102 169 PROPIEDAD INTELECTUAL Y CONTENIDO INTERDOMICILIO SERVICIOS INTEGRALES, S.L es la propiedad de los nombres de dominio que identifican al sitio web y es titular del alojamiento de las...","protected":false},"author":1,"featured_media":0,"parent":0,"menu_order":0,"comment_status":"closed","ping_status":"closed","template":"","meta":{"footnotes":""},"class_list":["post-6235","page","type-page","status-publish","hentry"],"yoast_head":"<!-- This site is optimized with the Yoast SEO plugin v26.9 - https:\/\/yoast.com\/product\/yoast-seo-wordpress\/ -->\n<title>Aviso legal | Informaci\u00f3n Interdomicilio<\/title>\n<meta name=\"description\" content=\"Toda la informaci\u00f3n referente al apartado legal de Interdomicilio. Sigue leyendo nuestra informaci\u00f3n del aviso legal.\" \/>\n<meta name=\"robots\" content=\"index, follow, max-snippet:-1, max-image-preview:large, max-video-preview:-1\" \/>\n<link rel=\"canonical\" href=\"https:\/\/www.interdomicilio.com\/aviso-legal\/\" \/>\n<meta property=\"og:locale\" content=\"es_ES\" \/>\n<meta property=\"og:type\" content=\"article\" \/>\n<meta property=\"og:title\" content=\"Aviso legal | Informaci\u00f3n Interdomicilio\" \/>\n<meta property=\"og:description\" content=\"Toda la informaci\u00f3n referente al apartado legal de Interdomicilio. Sigue leyendo nuestra informaci\u00f3n del aviso legal.\" \/>\n<meta property=\"og:url\" content=\"https:\/\/www.interdomicilio.com\/aviso-legal\/\" \/>\n<meta property=\"og:site_name\" content=\"Interdomicilio\" \/>\n<meta property=\"article:modified_time\" content=\"2025-07-17T12:49:46+00:00\" \/>\n<meta property=\"og:image\" content=\"https:\/\/www.interdomicilio.com\/wp-content\/uploads\/2024\/11\/interdomicilio.jpg\" \/>\n\t<meta property=\"og:image:width\" content=\"1000\" \/>\n\t<meta property=\"og:image:height\" content=\"667\" \/>\n\t<meta property=\"og:image:type\" content=\"image\/jpeg\" \/>\n<meta name=\"twitter:label1\" content=\"Tiempo de lectura\" \/>\n\t<meta name=\"twitter:data1\" content=\"3 minutos\" \/>\n<script type=\"application\/ld+json\" class=\"yoast-schema-graph\">{\"@context\":\"https:\/\/schema.org\",\"@graph\":[{\"@type\":\"WebPage\",\"@id\":\"https:\/\/www.interdomicilio.com\/aviso-legal\/\",\"url\":\"https:\/\/www.interdomicilio.com\/aviso-legal\/\",\"name\":\"Aviso legal | Informaci\u00f3n Interdomicilio\",\"isPartOf\":{\"@id\":\"https:\/\/www.interdomicilio.com\/#website\"},\"datePublished\":\"2017-04-27T10:58:54+00:00\",\"dateModified\":\"2025-07-17T12:49:46+00:00\",\"description\":\"Toda la informaci\u00f3n referente al apartado legal de Interdomicilio. Sigue leyendo nuestra informaci\u00f3n del aviso legal.\",\"breadcrumb\":{\"@id\":\"https:\/\/www.interdomicilio.com\/aviso-legal\/#breadcrumb\"},\"inLanguage\":\"es\",\"potentialAction\":[{\"@type\":\"ReadAction\",\"target\":[\"https:\/\/www.interdomicilio.com\/aviso-legal\/\"]}]},{\"@type\":\"BreadcrumbList\",\"@id\":\"https:\/\/www.interdomicilio.com\/aviso-legal\/#breadcrumb\",\"itemListElement\":[{\"@type\":\"ListItem\",\"position\":1,\"name\":\"Portada\",\"item\":\"https:\/\/www.interdomicilio.com\/\"},{\"@type\":\"ListItem\",\"position\":2,\"name\":\"Aviso legal\"}]},{\"@type\":\"WebSite\",\"@id\":\"https:\/\/www.interdomicilio.com\/#website\",\"url\":\"https:\/\/www.interdomicilio.com\/\",\"name\":\"Interdomicilio\",\"description\":\"Deja los servicios de tu hogar en manos de profesionales: Limpieza dom\u00e9stica, cuidado de mayores, ni\u00f1eras, reparaciones, reformas y mucho m\u00e1s.\",\"publisher\":{\"@id\":\"https:\/\/www.interdomicilio.com\/#organization\"},\"potentialAction\":[{\"@type\":\"SearchAction\",\"target\":{\"@type\":\"EntryPoint\",\"urlTemplate\":\"https:\/\/www.interdomicilio.com\/?s={search_term_string}\"},\"query-input\":{\"@type\":\"PropertyValueSpecification\",\"valueRequired\":true,\"valueName\":\"search_term_string\"}}],\"inLanguage\":\"es\"},{\"@type\":\"Organization\",\"@id\":\"https:\/\/www.interdomicilio.com\/#organization\",\"name\":\"Interdomicilio\",\"url\":\"https:\/\/www.interdomicilio.com\/\",\"logo\":{\"@type\":\"ImageObject\",\"inLanguage\":\"es\",\"@id\":\"https:\/\/www.interdomicilio.com\/#\/schema\/logo\/image\/\",\"url\":\"https:\/\/www.interdomicilio.com\/wp-content\/uploads\/2024\/10\/cropped-Logos-RRSS_FAVICON-NARANJA.png\",\"contentUrl\":\"https:\/\/www.interdomicilio.com\/wp-content\/uploads\/2024\/10\/cropped-Logos-RRSS_FAVICON-NARANJA.png\",\"width\":512,\"height\":512,\"caption\":\"Interdomicilio\"},\"image\":{\"@id\":\"https:\/\/www.interdomicilio.com\/#\/schema\/logo\/image\/\"}}]}<\/script>\n<!-- \/ Yoast SEO plugin. -->","yoast_head_json":{"title":"Aviso legal | Informaci\u00f3n Interdomicilio","description":"Toda la informaci\u00f3n referente al apartado legal de Interdomicilio. Sigue leyendo nuestra informaci\u00f3n del aviso legal.","robots":{"index":"index","follow":"follow","max-snippet":"max-snippet:-1","max-image-preview":"max-image-preview:large","max-video-preview":"max-video-preview:-1"},"canonical":"https:\/\/www.interdomicilio.com\/aviso-legal\/","og_locale":"es_ES","og_type":"article","og_title":"Aviso legal | Informaci\u00f3n Interdomicilio","og_description":"Toda la informaci\u00f3n referente al apartado legal de Interdomicilio. Sigue leyendo nuestra informaci\u00f3n del aviso legal.","og_url":"https:\/\/www.interdomicilio.com\/aviso-legal\/","og_site_name":"Interdomicilio","article_modified_time":"2025-07-17T12:49:46+00:00","og_image":[{"width":1000,"height":667,"url":"https:\/\/www.interdomicilio.com\/wp-content\/uploads\/2024\/11\/interdomicilio.jpg","type":"image\/jpeg"}],"twitter_misc":{"Tiempo de lectura":"3 minutos"},"schema":{"@context":"https:\/\/schema.org","@graph":[{"@type":"WebPage","@id":"https:\/\/www.interdomicilio.com\/aviso-legal\/","url":"https:\/\/www.interdomicilio.com\/aviso-legal\/","name":"Aviso legal | Informaci\u00f3n Interdomicilio","isPartOf":{"@id":"https:\/\/www.interdomicilio.com\/#website"},"datePublished":"2017-04-27T10:58:54+00:00","dateModified":"2025-07-17T12:49:46+00:00","description":"Toda la informaci\u00f3n referente al apartado legal de Interdomicilio. Sigue leyendo nuestra informaci\u00f3n del aviso legal.","breadcrumb":{"@id":"https:\/\/www.interdomicilio.com\/aviso-legal\/#breadcrumb"},"inLanguage":"es","potentialAction":[{"@type":"ReadAction","target":["https:\/\/www.interdomicilio.com\/aviso-legal\/"]}]},{"@type":"BreadcrumbList","@id":"https:\/\/www.interdomicilio.com\/aviso-legal\/#breadcrumb","itemListElement":[{"@type":"ListItem","position":1,"name":"Portada","item":"https:\/\/www.interdomicilio.com\/"},{"@type":"ListItem","position":2,"name":"Aviso legal"}]},{"@type":"WebSite","@id":"https:\/\/www.interdomicilio.com\/#website","url":"https:\/\/www.interdomicilio.com\/","name":"Interdomicilio","description":"Deja los servicios de tu hogar en manos de profesionales: Limpieza dom\u00e9stica, cuidado de mayores, ni\u00f1eras, reparaciones, reformas y mucho m\u00e1s.","publisher":{"@id":"https:\/\/www.interdomicilio.com\/#organization"},"potentialAction":[{"@type":"SearchAction","target":{"@type":"EntryPoint","urlTemplate":"https:\/\/www.interdomicilio.com\/?s={search_term_string}"},"query-input":{"@type":"PropertyValueSpecification","valueRequired":true,"valueName":"search_term_string"}}],"inLanguage":"es"},{"@type":"Organization","@id":"https:\/\/www.interdomicilio.com\/#organization","name":"Interdomicilio","url":"https:\/\/www.interdomicilio.com\/","logo":{"@type":"ImageObject","inLanguage":"es","@id":"https:\/\/www.interdomicilio.com\/#\/schema\/logo\/image\/","url":"https:\/\/www.interdomicilio.com\/wp-content\/uploads\/2024\/10\/cropped-Logos-RRSS_FAVICON-NARANJA.png","contentUrl":"https:\/\/www.interdomicilio.com\/wp-content\/uploads\/2024\/10\/cropped-Logos-RRSS_FAVICON-NARANJA.png","width":512,"height":512,"caption":"Interdomicilio"},"image":{"@id":"https:\/\/www.interdomicilio.com\/#\/schema\/logo\/image\/"}}]}},"_links":{"self":[{"href":"https:\/\/www.interdomicilio.com\/wp-json\/wp\/v2\/pages\/6235","targetHints":{"allow":["GET"]}}],"collection":[{"href":"https:\/\/www.interdomicilio.com\/wp-json\/wp\/v2\/pages"}],"about":[{"href":"https:\/\/www.interdomicilio.com\/wp-json\/wp\/v2\/types\/page"}],"author":[{"embeddable":true,"href":"https:\/\/www.interdomicilio.com\/wp-json\/wp\/v2\/users\/1"}],"replies":[{"embeddable":true,"href":"https:\/\/www.interdomicilio.com\/wp-json\/wp\/v2\/comments?post=6235"}],"version-history":[{"count":1,"href":"https:\/\/www.interdomicilio.com\/wp-json\/wp\/v2\/pages\/6235\/revisions"}],"predecessor-version":[{"id":42105,"href":"https:\/\/www.interdomicilio.com\/wp-json\/wp\/v2\/pages\/6235\/revisions\/42105"}],"wp:attachment":[{"href":"https:\/\/www.interdomicilio.com\/wp-json\/wp\/v2\/media?parent=6235"}],"curies":[{"name":"wp","href":"https:\/\/api.w.org\/{rel}","templated":true}]}}